{"id":33,"date":"2019-08-19T19:25:28","date_gmt":"2019-08-19T19:25:28","guid":{"rendered":"http:\/\/erntedankfest-luebberstedt.de\/?page_id=33"},"modified":"2025-09-09T14:31:15","modified_gmt":"2025-09-09T14:31:15","slug":"umzugsstatuten","status":"publish","type":"page","link":"https:\/\/erntedankfest-l\u00fcbberstedt.de\/?page_id=33","title":{"rendered":"Umzugsstatuten"},"content":{"rendered":"\r\n\r\n\r\n<h1 class=\"wp-block-heading\" id=\"cc-m-header-10173309993\">Hier findet ihr die offiziellen Richtlinien zur Teilnahme an dem L\u00fcbberstedter Erntedankfest-Umzug<\/h1>\r\n<h1><a href=\"https:\/\/erntedankfest-l\u00fcbberstedt.de\/wp-content\/uploads\/2025\/09\/Umzug-Anmeldung-71-2025-1.pdf\">Umzug-Anmeldung-71-2025<\/a><\/h1>\r\n<h1><a href=\"https:\/\/erntedankfest-l\u00fcbberstedt.de\/wp-content\/uploads\/2025\/09\/Umzug-Merkblatt-71.-2025.pdf\">Umzug-Merkblatt-71.-2025<\/a><\/h1>\r\n<h1><a href=\"https:\/\/erntedankfest-l\u00fcbberstedt.de\/wp-content\/uploads\/2019\/08\/Merkblatt-\u00fcber-die-Ausr\u00fcstung.pdf\" target=\"_blank\" rel=\"noopener\">Merkblatt-\u00fcber-die-Ausr\u00fcstung<\/a><\/h1>\r\n<h1><a href=\"https:\/\/erntedankfest-l\u00fcbberstedt.de\/wp-content\/uploads\/2019\/08\/Fahrerinfo-Erntefeste.pdf\" target=\"_blank\" rel=\"noopener\">Fahrerinfo-Erntefeste<\/a><\/h1>\r\n\r\n\r\n ","protected":false},"excerpt":{"rendered":"<p>Hier findet ihr die offiziellen Richtlinien zur Teilnahme an dem L\u00fcbberstedter Erntedankfest-Umzug Umzug-Anmeldung-71-2025 Umzug-Merkblatt-71.-2025 Merkblatt-\u00fcber-die-Ausr\u00fcstung Fahrerinfo-Erntefeste<\/p>\n","protected":false},"author":1,"featured_media":0,"parent":0,"menu_order":0,"comment_status":"closed","ping_status":"closed","template":"","meta":{"ngg_post_thumbnail":0,"footnotes":""},"class_list":["post-33","page","type-page","status-publish","hentry"],"_links":{"self":[{"href":"https:\/\/erntedankfest-l\u00fcbberstedt.de\/index.php?rest_route=\/wp\/v2\/pages\/33","targetHints":{"allow":["GET"]}}],"collection":[{"href":"https:\/\/erntedankfest-l\u00fcbberstedt.de\/index.php?rest_route=\/wp\/v2\/pages"}],"about":[{"href":"https:\/\/erntedankfest-l\u00fcbberstedt.de\/index.php?rest_route=\/wp\/v2\/types\/page"}],"author":[{"embeddable":true,"href":"https:\/\/erntedankfest-l\u00fcbberstedt.de\/index.php?rest_route=\/wp\/v2\/users\/1"}],"replies":[{"embeddable":true,"href":"https:\/\/erntedankfest-l\u00fcbberstedt.de\/index.php?rest_route=%2Fwp%2Fv2%2Fcomments&post=33"}],"version-history":[{"count":23,"href":"https:\/\/erntedankfest-l\u00fcbberstedt.de\/index.php?rest_route=\/wp\/v2\/pages\/33\/revisions"}],"predecessor-version":[{"id":491,"href":"https:\/\/erntedankfest-l\u00fcbberstedt.de\/index.php?rest_route=\/wp\/v2\/pages\/33\/revisions\/491"}],"wp:attachment":[{"href":"https:\/\/erntedankfest-l\u00fcbberstedt.de\/index.php?rest_route=%2Fwp%2Fv2%2Fmedia&parent=33"}],"curies":[{"name":"wp","href":"https:\/\/api.w.org\/{rel}","templated":true}]}}