{"id":2,"date":"2016-05-10T03:48:21","date_gmt":"2016-05-10T03:48:21","guid":{"rendered":"http:\/\/erntedankfest-luebberstedt.de\/?page_id=2"},"modified":"2025-10-23T17:56:10","modified_gmt":"2025-10-23T17:56:10","slug":"sample-page","status":"publish","type":"page","link":"https:\/\/erntedankfest-l\u00fcbberstedt.de\/","title":{"rendered":"Startseite"},"content":{"rendered":"<h4>Hallo liebe Freunde des L\u00fcbberstedter Erntedankfestes,<\/h4>\n<h4>&nbsp;<\/h4>\n<h4>wir danken allen Teilnehmern, Besuchern, Schaustellern und Aktiven f\u00fcr ein erfolgreiches Erntedankfest 2025.<\/h4>\n<h4>Wieder einmal konnten wir am Freitag L\u00fcbberstedt beben lassen.<\/h4>\n<h4>Der Samstag mit Laternenumzug und Kinderdisco war ein Erfolg.<\/h4>\n<h4>Der Sonntag mit Umzug der Erntewagen durch sch\u00f6n geschm\u00fcckte Stra\u00dfen und die abschlie\u00dfende Party waren &nbsp;ein gelungener Abschluss des Wochenendes.<\/h4>\n<h4>&nbsp;<\/h4>\n<h4>Mit festlichen Gr\u00fc\u00dfen<br \/>\nEuer Erntedankfestkomitee L\u00fcbberstedt<\/h4>\n ","protected":false},"excerpt":{"rendered":"<p>Hallo liebe Freunde des L\u00fcbberstedter Erntedankfestes, &nbsp; wir danken allen Teilnehmern, Besuchern, Schaustellern und Aktiven f\u00fcr ein erfolgreiches Erntedankfest 2025. Wieder einmal konnten wir am Freitag L\u00fcbberstedt beben lassen. Der Samstag mit Laternenumzug und Kinderdisco war ein Erfolg. Der Sonntag &hellip; <a href=\"https:\/\/erntedankfest-l\u00fcbberstedt.de\/\">Weiterlesen <span class=\"meta-nav\">&rarr;<\/span><\/a><\/p>\n","protected":false},"author":1,"featured_media":0,"parent":0,"menu_order":1,"comment_status":"closed","ping_status":"open","template":"","meta":{"ngg_post_thumbnail":0,"footnotes":""},"class_list":["post-2","page","type-page","status-publish","hentry"],"_links":{"self":[{"href":"https:\/\/erntedankfest-l\u00fcbberstedt.de\/index.php?rest_route=\/wp\/v2\/pages\/2","targetHints":{"allow":["GET"]}}],"collection":[{"href":"https:\/\/erntedankfest-l\u00fcbberstedt.de\/index.php?rest_route=\/wp\/v2\/pages"}],"about":[{"href":"https:\/\/erntedankfest-l\u00fcbberstedt.de\/index.php?rest_route=\/wp\/v2\/types\/page"}],"author":[{"embeddable":true,"href":"https:\/\/erntedankfest-l\u00fcbberstedt.de\/index.php?rest_route=\/wp\/v2\/users\/1"}],"replies":[{"embeddable":true,"href":"https:\/\/erntedankfest-l\u00fcbberstedt.de\/index.php?rest_route=%2Fwp%2Fv2%2Fcomments&post=2"}],"version-history":[{"count":39,"href":"https:\/\/erntedankfest-l\u00fcbberstedt.de\/index.php?rest_route=\/wp\/v2\/pages\/2\/revisions"}],"predecessor-version":[{"id":498,"href":"https:\/\/erntedankfest-l\u00fcbberstedt.de\/index.php?rest_route=\/wp\/v2\/pages\/2\/revisions\/498"}],"wp:attachment":[{"href":"https:\/\/erntedankfest-l\u00fcbberstedt.de\/index.php?rest_route=%2Fwp%2Fv2%2Fmedia&parent=2"}],"curies":[{"name":"wp","href":"https:\/\/api.w.org\/{rel}","templated":true}]}}